{"id":587,"date":"2017-11-08T07:51:50","date_gmt":"2017-11-08T07:51:50","guid":{"rendered":"http:\/\/guarkitektura.com\/?page_id=587"},"modified":"2019-09-21T09:28:49","modified_gmt":"2019-09-21T07:28:49","slug":"kontaktua","status":"publish","type":"page","link":"https:\/\/guarkitektura.com\/eu\/kontaktua\/","title":{"rendered":"Kontaktua"},"content":{"rendered":"<p>[et_pb_section bb_built=&#8221;1&#8243; admin_label=&#8221;section&#8221; fullwidth=&#8221;on&#8221; specialty=&#8221;off&#8221; next_background_color=&#8221;#000000&#8243;][et_pb_fullwidth_map admin_label=&#8221;Fullwidth Map&#8221; zoom_level=&#8221;17&#8243; address_lat=&#8221;43.17918299999999&#8243; address_lng=&#8221;-2.2650962000000163&#8243; mouse_wheel=&#8221;off&#8221; _builder_version=&#8221;3.0.102&#8243; mobile_dragging=&#8221;on&#8221; use_grayscale_filter=&#8221;off&#8221; address=&#8221;Garmendia Auzoa, 20730 Azpeitia, Gipuzkoa, Espa\u00f1a&#8221;][et_pb_map_pin _builder_version=&#8221;3.0.86&#8243; pin_address=&#8221;Amasorrain Kalea, 3, 20018 Donostia, Gipuzkoa, Espa\u00f1a&#8221; pin_address_lat=&#8221;43.27954520716321&#8243; pin_address_lng=&#8221;-2.0105463494599007&#8243; \/][\/et_pb_fullwidth_map][\/et_pb_section][et_pb_section bb_built=&#8221;1&#8243; admin_label=&#8221;section&#8221; fullwidth=&#8221;off&#8221; prev_background_color=&#8221;#000000&#8243;][et_pb_row admin_label=&#8221;row&#8221; background_position=&#8221;top_left&#8221; background_repeat=&#8221;repeat&#8221; background_size=&#8221;initial&#8221;][et_pb_column type=&#8221;2_3&#8243;][et_pb_contact_form admin_label=&#8221;Contact Form&#8221; captcha=&#8221;on&#8221; title=&#8221;Gurekin harremanetan jarri&#8221; email=&#8221;admin@guarkitektura.com&#8221; use_redirect=&#8221;off&#8221; border_style=&#8221;solid&#8221; custom_button=&#8221;on&#8221; button_icon_placement=&#8221;right&#8221; _builder_version=&#8221;3.0.82&#8243; box_shadow_position_button=&#8221;outer&#8221; box_shadow_position=&#8221;outer&#8221; button_bg_color=&#8221;#6d373f&#8221; success_message=&#8221;Mezua bidalita! Zurekin harremanetan ahal bezain pronto jarriko gara.&#8221; border_radii=&#8221;on||||&#8221;][et_pb_contact_field field_title=&#8221;Izena&#8221; field_type=&#8221;input&#8221; field_id=&#8221;Name&#8221; required_mark=&#8221;on&#8221; fullwidth_field=&#8221;off&#8221; _builder_version=&#8221;3.0.82&#8243; checkbox_checked=&#8221;off&#8221; checkbox_options=&#8221;%91{%22value%22:%22Nombre%22,%22checked%22:0}%93&#8243; radio_options=&#8221;%91{%22value%22:%22Nombre%22,%22checked%22:0}%93&#8243; select_options=&#8221;%91{%22value%22:%22Nombre%22,%22checked%22:0}%93&#8243; min_length=&#8221;0&#8243; max_length=&#8221;0&#8243; allowed_symbols=&#8221;all&#8221; conditional_logic=&#8221;off&#8221; conditional_logic_relation=&#8221;off&#8221; conditional_logic_rules=&#8221;%91{%22field%22:%22email%22,%22condition%22:%22is%22,%22value%22:%22%22}%93&#8243; use_background_color_gradient=&#8221;off&#8221; background_color_gradient_start=&#8221;#2b87da&#8221; background_color_gradient_end=&#8221;#29c4a9&#8243; background_color_gradient_type=&#8221;linear&#8221; background_color_gradient_direction=&#8221;180deg&#8221; background_color_gradient_direction_radial=&#8221;center&#8221; background_color_gradient_start_position=&#8221;0%&#8221; background_color_gradient_end_position=&#8221;100%&#8221; parallax=&#8221;off&#8221; parallax_method=&#8221;on&#8221; background_size=&#8221;cover&#8221; background_position=&#8221;center&#8221; background_repeat=&#8221;no-repeat&#8221; background_blend=&#8221;normal&#8221; allow_player_pause=&#8221;off&#8221; form_field_font_select=&#8221;default&#8221; form_field_font=&#8221;||||&#8221; use_border_color=&#8221;off&#8221; border_style=&#8221;solid&#8221; box_shadow_style=&#8221;none&#8221; box_shadow_color=&#8221;rgba(0,0,0,0.3)&#8221; box_shadow_position=&#8221;outer&#8221; \/][et_pb_contact_field field_title=&#8221;Helbide elektronikoa&#8221; field_type=&#8221;email&#8221; field_id=&#8221;Email&#8221; required_mark=&#8221;on&#8221; fullwidth_field=&#8221;off&#8221; _builder_version=&#8221;3.0.82&#8243; checkbox_checked=&#8221;off&#8221; checkbox_options=&#8221;%91{%22value%22:%22Direcci\u00f3n de correo electr\u00f3nico%22,%22checked%22:0}%93&#8243; radio_options=&#8221;%91{%22value%22:%22Direcci\u00f3n de correo electr\u00f3nico%22,%22checked%22:0}%93&#8243; select_options=&#8221;%91{%22value%22:%22Direcci\u00f3n de correo electr\u00f3nico%22,%22checked%22:0}%93&#8243; min_length=&#8221;0&#8243; max_length=&#8221;0&#8243; allowed_symbols=&#8221;all&#8221; conditional_logic=&#8221;off&#8221; conditional_logic_relation=&#8221;off&#8221; conditional_logic_rules=&#8221;%91{%22field%22:%22name%22,%22condition%22:%22is%22,%22value%22:%22%22}%93&#8243; use_background_color_gradient=&#8221;off&#8221; background_color_gradient_start=&#8221;#2b87da&#8221; background_color_gradient_end=&#8221;#29c4a9&#8243; background_color_gradient_type=&#8221;linear&#8221; background_color_gradient_direction=&#8221;180deg&#8221; background_color_gradient_direction_radial=&#8221;center&#8221; background_color_gradient_start_position=&#8221;0%&#8221; background_color_gradient_end_position=&#8221;100%&#8221; parallax=&#8221;off&#8221; parallax_method=&#8221;on&#8221; background_size=&#8221;cover&#8221; background_position=&#8221;center&#8221; background_repeat=&#8221;no-repeat&#8221; background_blend=&#8221;normal&#8221; allow_player_pause=&#8221;off&#8221; form_field_font_select=&#8221;default&#8221; form_field_font=&#8221;||||&#8221; use_border_color=&#8221;off&#8221; border_style=&#8221;solid&#8221; box_shadow_style=&#8221;none&#8221; box_shadow_color=&#8221;rgba(0,0,0,0.3)&#8221; box_shadow_position=&#8221;outer&#8221; \/][et_pb_contact_field field_title=&#8221;Mezua&#8221; field_type=&#8221;text&#8221; field_id=&#8221;Message&#8221; required_mark=&#8221;on&#8221; _builder_version=&#8221;3.0.82&#8243; checkbox_checked=&#8221;off&#8221; checkbox_options=&#8221;%91{%22value%22:%22Mensaje%22,%22checked%22:0}%93&#8243; radio_options=&#8221;%91{%22value%22:%22Mensaje%22,%22checked%22:0}%93&#8243; select_options=&#8221;%91{%22value%22:%22Mensaje%22,%22checked%22:0}%93&#8243; min_length=&#8221;0&#8243; max_length=&#8221;0&#8243; allowed_symbols=&#8221;all&#8221; conditional_logic=&#8221;off&#8221; conditional_logic_relation=&#8221;off&#8221; conditional_logic_rules=&#8221;%91{%22field%22:%22name%22,%22condition%22:%22is%22,%22value%22:%22%22}%93&#8243; use_background_color_gradient=&#8221;off&#8221; background_color_gradient_start=&#8221;#2b87da&#8221; background_color_gradient_end=&#8221;#29c4a9&#8243; background_color_gradient_type=&#8221;linear&#8221; background_color_gradient_direction=&#8221;180deg&#8221; background_color_gradient_direction_radial=&#8221;center&#8221; background_color_gradient_start_position=&#8221;0%&#8221; background_color_gradient_end_position=&#8221;100%&#8221; parallax=&#8221;off&#8221; parallax_method=&#8221;on&#8221; background_size=&#8221;cover&#8221; background_position=&#8221;center&#8221; background_repeat=&#8221;no-repeat&#8221; background_blend=&#8221;normal&#8221; allow_player_pause=&#8221;off&#8221; fullwidth_field=&#8221;on&#8221; form_field_font_select=&#8221;default&#8221; form_field_font=&#8221;||||&#8221; use_border_color=&#8221;off&#8221; border_style=&#8221;solid&#8221; box_shadow_style=&#8221;none&#8221; box_shadow_color=&#8221;rgba(0,0,0,0.3)&#8221; box_shadow_position=&#8221;outer&#8221; \/][\/et_pb_contact_form][\/et_pb_column][et_pb_column type=&#8221;1_3&#8243;][et_pb_text admin_label=&#8221;Text&#8221; background_layout=&#8221;light&#8221; module_class=&#8221;contact-text&#8221; module_alignment=&#8221;left&#8221; background_position=&#8221;top_left&#8221; background_repeat=&#8221;repeat&#8221; background_size=&#8221;initial&#8221; _builder_version=&#8221;3.0.102&#8243;]<\/p>\n<h3>Informazio gehiago<\/h3>\n<p style=\"text-align: left;\"><strong>Helbidea:&nbsp;<\/strong>Garmendia Auzoa 8, behea, 20730, Azpeitia &#8211; Gipuzkoa<\/p>\n<p style=\"text-align: left;\"><strong>Telefonoa:<\/strong>&nbsp;+34 690 653 109<\/p>\n<p style=\"text-align: left;\"><strong>Ordutegia:<\/strong>&nbsp;8etatik 18etara<\/p>\n<p>[\/et_pb_text][\/et_pb_column][\/et_pb_row][\/et_pb_section]<\/p>\n","protected":false},"excerpt":{"rendered":"<p>Informazio gehiago Helbidea:&nbsp;Garmendia Auzoa 8, behea, 20730, Azpeitia &#8211; Gipuzkoa Telefonoa:&nbsp;+34 690 653 109 Ordutegia:&nbsp;8etatik 18etara<\/p>\n","protected":false},"author":1,"featured_media":0,"parent":0,"menu_order":0,"comment_status":"closed","ping_status":"closed","template":"","meta":{"_et_pb_use_builder":"on","_et_pb_old_content":"","_et_gb_content_width":"","footnotes":""},"class_list":["post-587","page","type-page","status-publish","hentry"],"_links":{"self":[{"href":"https:\/\/guarkitektura.com\/eu\/wp-json\/wp\/v2\/pages\/587","targetHints":{"allow":["GET"]}}],"collection":[{"href":"https:\/\/guarkitektura.com\/eu\/wp-json\/wp\/v2\/pages"}],"about":[{"href":"https:\/\/guarkitektura.com\/eu\/wp-json\/wp\/v2\/types\/page"}],"author":[{"embeddable":true,"href":"https:\/\/guarkitektura.com\/eu\/wp-json\/wp\/v2\/users\/1"}],"replies":[{"embeddable":true,"href":"https:\/\/guarkitektura.com\/eu\/wp-json\/wp\/v2\/comments?post=587"}],"version-history":[{"count":11,"href":"https:\/\/guarkitektura.com\/eu\/wp-json\/wp\/v2\/pages\/587\/revisions"}],"predecessor-version":[{"id":952,"href":"https:\/\/guarkitektura.com\/eu\/wp-json\/wp\/v2\/pages\/587\/revisions\/952"}],"wp:attachment":[{"href":"https:\/\/guarkitektura.com\/eu\/wp-json\/wp\/v2\/media?parent=587"}],"curies":[{"name":"wp","href":"https:\/\/api.w.org\/{rel}","templated":true}]}}